{"id":566,"date":"2022-09-15T10:21:06","date_gmt":"2022-09-15T10:21:06","guid":{"rendered":"https:\/\/autosamigo.com\/contact-us-car-hire\/"},"modified":"2022-10-28T11:42:49","modified_gmt":"2022-10-28T11:42:49","slug":"que-faire-et-ou-aller","status":"publish","type":"page","link":"https:\/\/autosamigo.com\/fr\/que-faire-et-ou-aller\/","title":{"rendered":"Que faire et o\u00f9 aller"},"content":{"rendered":"\t<section class=\"section\" id=\"section_931510015\">\n\t\t<div class=\"bg section-bg fill bg-fill  bg-loaded\" >\n\n\t\t\t\n\t\t\t\n\t\t\t\n\n\t\t<\/div>\n\n\t\t\n\n\t\t<div class=\"section-content relative\">\n\t\t\t\n<div class=\"row\"  id=\"row-552192895\">\n\n\t<div id=\"col-2132820301\" class=\"col medium-11 small-12 large-11\"  >\n\t\t\t\t<div class=\"col-inner text-center\"  >\n\t\t\t\n\t\t\t\n\t<div id=\"gap-118455433\" class=\"gap-element clearfix\" style=\"display:block; height:auto;\">\n\t\t\n<style>\n#gap-118455433 {\n  padding-top: 30px;\n}\n@media (min-width:550px) {\n  #gap-118455433 {\n    padding-top: 60px;\n  }\n}\n<\/style>\n\t<\/div>\n\t\n\t<div id=\"text-835451261\" class=\"text\">\n\t\t\n<h1><span style=\"font-size: 120%;\"><span style=\"color: #f37864;\">Que faire \u00e0 Minorque<\/span> et o\u00f9 aller<\/span><\/h1>\n\t\t\n<style>\n#text-835451261 {\n  text-align: left;\n}\n<\/style>\n\t<\/div>\n\t\n\t<div id=\"text-169146851\" class=\"text\">\n\t\t\n<h2><span style=\"font-family: avenir-light;\">Minorque est une \u00eele magnifique \u00e0 d\u00e9couvrir pour profiter de tous ses charmes. Chaque jour, vous pouvez d\u00e9couvrir un nouvel endroit. <\/span><\/h2>\n<h2><span style=\"font-family: avenir-light;\">Passez un moment agr\u00e9able et explorez cette \u00eele merveilleuse. De la part d\u2019AUTOS AMIGO, votre entreprise de location de voitures \u00e0 Minorque, nous vous proposons les suggestions suivantes pour votre s\u00e9jour sur l\u2019\u00eele.<\/span><\/h2>\n\t\t\n<style>\n#text-169146851 {\n  text-align: left;\n}\n<\/style>\n\t<\/div>\n\t\n\t\t<\/div>\n\t\t\t\t\t<\/div>\n\n\t\n<\/div>\n\t\t<\/div>\n\n\t\t\n<style>\n#section_931510015 {\n  padding-top: 0px;\n  padding-bottom: 0px;\n}\n#section_931510015 .ux-shape-divider--top svg {\n  height: 150px;\n  --divider-top-width: 100%;\n}\n#section_931510015 .ux-shape-divider--bottom svg {\n  height: 150px;\n  --divider-width: 100%;\n}\n<\/style>\n\t<\/section>\n\t\n\t<section class=\"section\" id=\"section_331877446\">\n\t\t<div class=\"bg section-bg fill bg-fill  bg-loaded\" >\n\n\t\t\t\n\t\t\t\n\t\t\t\n\n\t\t<\/div>\n\n\t\t\n\n\t\t<div class=\"section-content relative\">\n\t\t\t\n\t<div id=\"gap-308001256\" class=\"gap-element clearfix\" style=\"display:block; height:auto;\">\n\t\t\n<style>\n#gap-308001256 {\n  padding-top: 30px;\n}\n<\/style>\n\t<\/div>\n\t\n<div class=\"row align-middle\"  id=\"row-227452757\">\n\n\t<div id=\"col-453837932\" class=\"col medium-12 small-12 large-6\"  >\n\t\t\t\t<div class=\"col-inner\"  >\n\t\t\t\n\t\t\t\n\t<div class=\"img has-hover x md-x lg-x y md-y lg-y\" id=\"image_194846685\">\n\t\t\t\t\t\t\t\t<div class=\"img-inner dark\" >\n\t\t\t<img width=\"768\" height=\"432\" src=\"https:\/\/autosamigo.com\/wp-content\/uploads\/2022\/09\/gin-factory-1-768x432-1.jpeg\" class=\"attachment-large size-large\" alt=\"\" decoding=\"async\" loading=\"lazy\" srcset=\"https:\/\/autosamigo.com\/wp-content\/uploads\/2022\/09\/gin-factory-1-768x432-1.jpeg 768w, https:\/\/autosamigo.com\/wp-content\/uploads\/2022\/09\/gin-factory-1-768x432-1-300x169.jpeg 300w\" sizes=\"(max-width: 768px) 100vw, 768px\" \/>\t\t\t\t\t\t\n\t\t\t\t\t<\/div>\n\t\t\t\t\t\t\t\t\n<style>\n#image_194846685 {\n  width: 100%;\n}\n<\/style>\n\t<\/div>\n\t\n\t\t<\/div>\n\t\t\t\t\t<\/div>\n\n\t\n\n\t<div id=\"col-1143100734\" class=\"col medium-12 small-12 large-6\"  >\n\t\t\t\t<div class=\"col-inner\"  >\n\t\t\t\n\t\t\t\n\t<div id=\"gap-1338475121\" class=\"gap-element clearfix\" style=\"display:block; height:auto;\">\n\t\t\n<style>\n#gap-1338475121 {\n  padding-top: 10px;\n}\n@media (min-width:850px) {\n  #gap-1338475121 {\n    padding-top: 30px;\n  }\n}\n<\/style>\n\t<\/div>\n\t\n\t<div id=\"text-2845548502\" class=\"text\">\n\t\t\n<h3><span style=\"color: #f37864;\">Visitez<\/span> de l&rsquo;usine de gin Xoriguer<\/h3>\n\t\t\n<style>\n#text-2845548502 {\n  font-size: 1.5rem;\n}\n<\/style>\n\t<\/div>\n\t\n<p>La fabrique de gin Xoriger, connue sous le nom de Son Xoriger, est \u00e0 d\u00e9couvrir pour go\u00fbter la boisson traditionnelle minorquine \u201cPomada\u201d Xoriguer pr\u00e9par\u00e9e avec le fameux gin et du citron ou de la limonade. Rafra\u00eechissant et aromatique. Situ\u00e9 dans le port de Mah\u00f3n, le deuxi\u00e8me plus grand port naturel du monde.<\/p>\n\t\t<\/div>\n\t\t\t\t\n<style>\n#col-1143100734 > .col-inner {\n  padding: 0px 0px 0px 0;\n}\n@media (min-width:850px) {\n  #col-1143100734 > .col-inner {\n    padding: 0px 10% 0px 10%;\n  }\n}\n<\/style>\n\t<\/div>\n\n\t\n\n<style>\n#row-227452757 > .col > .col-inner {\n  background-color: rgb(255,255,255);\n}\n<\/style>\n<\/div>\n<div class=\"row align-middle\"  id=\"row-89399128\">\n\n\t<div id=\"col-1255862819\" class=\"col medium-12 small-12 large-6\"  >\n\t\t\t\t<div class=\"col-inner\" style=\"background-color:rgb(255, 255, 255);\" >\n\t\t\t\n\t\t\t\n\t<div id=\"gap-1653042955\" class=\"gap-element clearfix\" style=\"display:block; height:auto;\">\n\t\t\n<style>\n#gap-1653042955 {\n  padding-top: 10px;\n}\n@media (min-width:850px) {\n  #gap-1653042955 {\n    padding-top: 30px;\n  }\n}\n<\/style>\n\t<\/div>\n\t\n\t<div id=\"text-3422265908\" class=\"text\">\n\t\t\n<h3><span style=\"color: #f37864;\">Visitez<\/span> les monuments et b\u00e2timents historiques de Mah\u00f3n<\/h3>\n\t\t\n<style>\n#text-3422265908 {\n  font-size: 1.5rem;\n}\n<\/style>\n\t<\/div>\n\t\n<p>La capitale de Minorque, Mah\u00f3n, est un incontournable ; vous y trouverez le march\u00e9 o\u00f9 vous pourrez acheter de nombreux souvenirs, puis vous promener dans le centre pour profiter des monuments historiques comme l\u2019\u00e9glise de Santa Maria.<\/p>\n\t\t<\/div>\n\t\t\t\t\n<style>\n#col-1255862819 > .col-inner {\n  padding: 0px 0px 0px 0;\n}\n@media (min-width:850px) {\n  #col-1255862819 > .col-inner {\n    padding: 0px 10% 0px 10%;\n  }\n}\n<\/style>\n\t<\/div>\n\n\t\n\n\t<div id=\"col-1478672576\" class=\"col medium-12 small-12 large-6\"  >\n\t\t\t\t<div class=\"col-inner\"  >\n\t\t\t\n\t\t\t\n\t<div class=\"img has-hover x md-x lg-x y md-y lg-y\" id=\"image_509110237\">\n\t\t\t\t\t\t\t\t<div class=\"img-inner dark\" >\n\t\t\t<img width=\"300\" height=\"201\" src=\"https:\/\/autosamigo.com\/wp-content\/uploads\/2022\/09\/santa-Maria-church-Menorca-300x201-1.jpeg\" class=\"attachment-large size-large\" alt=\"\" decoding=\"async\" loading=\"lazy\" \/>\t\t\t\t\t\t\n\t\t\t\t\t<\/div>\n\t\t\t\t\t\t\t\t\n<style>\n#image_509110237 {\n  width: 100%;\n}\n<\/style>\n\t<\/div>\n\t\n\t\t<\/div>\n\t\t\t\t\t<\/div>\n\n\t\n<\/div>\n<div class=\"row align-middle\"  id=\"row-1660724749\">\n\n\t<div id=\"col-20909938\" class=\"col medium-12 small-12 large-6\"  >\n\t\t\t\t<div class=\"col-inner\"  >\n\t\t\t\n\t\t\t\n\t<div class=\"img has-hover x md-x lg-x y md-y lg-y\" id=\"image_955885065\">\n\t\t\t\t\t\t\t\t<div class=\"img-inner dark\" >\n\t\t\t<img width=\"720\" height=\"300\" src=\"https:\/\/autosamigo.com\/wp-content\/uploads\/2022\/09\/Menorca-cheese-Mahon-queso.jpeg\" class=\"attachment-large size-large\" alt=\"\" decoding=\"async\" loading=\"lazy\" srcset=\"https:\/\/autosamigo.com\/wp-content\/uploads\/2022\/09\/Menorca-cheese-Mahon-queso.jpeg 720w, https:\/\/autosamigo.com\/wp-content\/uploads\/2022\/09\/Menorca-cheese-Mahon-queso-300x125.jpeg 300w\" sizes=\"(max-width: 720px) 100vw, 720px\" \/>\t\t\t\t\t\t\n\t\t\t\t\t<\/div>\n\t\t\t\t\t\t\t\t\n<style>\n#image_955885065 {\n  width: 100%;\n}\n<\/style>\n\t<\/div>\n\t\n\t\t<\/div>\n\t\t\t\t\t<\/div>\n\n\t\n\n\t<div id=\"col-2066604725\" class=\"col medium-12 small-12 large-6\"  >\n\t\t\t\t<div class=\"col-inner\" style=\"background-color:rgb(255,255,255);\" >\n\t\t\t\n\t\t\t\n\t<div id=\"gap-150023024\" class=\"gap-element clearfix\" style=\"display:block; height:auto;\">\n\t\t\n<style>\n#gap-150023024 {\n  padding-top: 10px;\n}\n@media (min-width:850px) {\n  #gap-150023024 {\n    padding-top: 30px;\n  }\n}\n<\/style>\n\t<\/div>\n\t\n\t<div id=\"text-257781056\" class=\"text\">\n\t\t\n<h3>D\u00e9gustation de produits artisanaux<\/h3>\n\t\t\n<style>\n#text-257781056 {\n  font-size: 1.5rem;\n}\n<\/style>\n\t<\/div>\n\t\n<p>L\u2019\u00eele est connue, entre autres, pour ses produits d\u2019origine, tels que le fromage et les chaussures. Nous vous conseillons de ne pas quitter l\u2019\u00eele sans avoir go\u00fbt\u00e9 au c\u00e9l\u00e8bre fromage minorquin ou la Sobrassada\u2026<\/p>\n\t\t<\/div>\n\t\t\t\t\n<style>\n#col-2066604725 > .col-inner {\n  padding: 0px 0px 0px 0;\n}\n@media (min-width:850px) {\n  #col-2066604725 > .col-inner {\n    padding: 0px 10% 0px 10%;\n  }\n}\n<\/style>\n\t<\/div>\n\n\t\n<\/div>\n<div class=\"row align-middle\"  id=\"row-518459388\">\n\n\t<div id=\"col-900954\" class=\"col medium-12 small-12 large-6\"  >\n\t\t\t\t<div class=\"col-inner\" style=\"background-color:rgb(255,255,255);\" >\n\t\t\t\n\t\t\t\n\t<div id=\"gap-696332927\" class=\"gap-element clearfix\" style=\"display:block; height:auto;\">\n\t\t\n<style>\n#gap-696332927 {\n  padding-top: 30px;\n}\n<\/style>\n\t<\/div>\n\t\n\t<div id=\"text-3073124953\" class=\"text\">\n\t\t\n<h3>Golf courses<\/h3>\n\t\t\n<style>\n#text-3073124953 {\n  font-size: 1.5rem;\n}\n<\/style>\n\t<\/div>\n\t\n<p>Si vous aimez le sport, et le golf en particulier, dans la station de Son Parc, vous pouvez profiter du parcours de golf de 18 trous.<\/p>\n<p>\u00c0 500 m\u00e8tres du terrain de golf se trouve l\u2019urbanisation de Son Parc, o\u00f9 vous trouverez des bars, des restaurants et des souvenirs.<\/p>\n\t\t<\/div>\n\t\t\t\t\n<style>\n#col-900954 > .col-inner {\n  padding: 0px 0px 0px 0;\n}\n@media (min-width:850px) {\n  #col-900954 > .col-inner {\n    padding: 0px 10% 0px 10%;\n  }\n}\n<\/style>\n\t<\/div>\n\n\t\n\n\t<div id=\"col-381378018\" class=\"col medium-12 small-12 large-6\"  >\n\t\t\t\t<div class=\"col-inner\"  >\n\t\t\t\n\t\t\t\n\t<div class=\"img has-hover x md-x lg-x y md-y lg-y\" id=\"image_413264958\">\n\t\t\t\t\t\t\t\t<div class=\"img-inner dark\" >\n\t\t\t<img width=\"800\" height=\"533\" src=\"https:\/\/autosamigo.com\/wp-content\/uploads\/2022\/09\/Golf-Son-Parc-Menorca.jpeg\" class=\"attachment-large size-large\" alt=\"\" decoding=\"async\" loading=\"lazy\" srcset=\"https:\/\/autosamigo.com\/wp-content\/uploads\/2022\/09\/Golf-Son-Parc-Menorca.jpeg 800w, https:\/\/autosamigo.com\/wp-content\/uploads\/2022\/09\/Golf-Son-Parc-Menorca-300x200.jpeg 300w, https:\/\/autosamigo.com\/wp-content\/uploads\/2022\/09\/Golf-Son-Parc-Menorca-768x512.jpeg 768w\" sizes=\"(max-width: 800px) 100vw, 800px\" \/>\t\t\t\t\t\t\n\t\t\t\t\t<\/div>\n\t\t\t\t\t\t\t\t\n<style>\n#image_413264958 {\n  width: 100%;\n}\n<\/style>\n\t<\/div>\n\t\n\t\t<\/div>\n\t\t\t\t\t<\/div>\n\n\t\n<\/div>\n<div class=\"row align-middle\"  id=\"row-1172869437\">\n\n\t<div id=\"col-882398013\" class=\"col medium-12 small-12 large-6\"  >\n\t\t\t\t<div class=\"col-inner\"  >\n\t\t\t\n\t\t\t\n\t<div class=\"img has-hover x md-x lg-x y md-y lg-y\" id=\"image_338484235\">\n\t\t\t\t\t\t\t\t<div class=\"img-inner dark\" >\n\t\t\t<img width=\"480\" height=\"361\" src=\"https:\/\/autosamigo.com\/wp-content\/uploads\/2022\/09\/horse-riding-in-menorca.jpeg\" class=\"attachment-large size-large\" alt=\"What to do in menorca\" decoding=\"async\" loading=\"lazy\" srcset=\"https:\/\/autosamigo.com\/wp-content\/uploads\/2022\/09\/horse-riding-in-menorca.jpeg 480w, https:\/\/autosamigo.com\/wp-content\/uploads\/2022\/09\/horse-riding-in-menorca-300x226.jpeg 300w\" sizes=\"(max-width: 480px) 100vw, 480px\" \/>\t\t\t\t\t\t\n\t\t\t\t\t<\/div>\n\t\t\t\t\t\t\t\t\n<style>\n#image_338484235 {\n  width: 100%;\n}\n<\/style>\n\t<\/div>\n\t\n\t\t<\/div>\n\t\t\t\t\t<\/div>\n\n\t\n\n\t<div id=\"col-577171825\" class=\"col medium-12 small-12 large-6\"  >\n\t\t\t\t<div class=\"col-inner\" style=\"background-color:rgb(255,255,255);\" >\n\t\t\t\n\t\t\t\n\t<div id=\"gap-1020944124\" class=\"gap-element clearfix\" style=\"display:block; height:auto;\">\n\t\t\n<style>\n#gap-1020944124 {\n  padding-top: 10px;\n}\n@media (min-width:850px) {\n  #gap-1020944124 {\n    padding-top: 30px;\n  }\n}\n<\/style>\n\t<\/div>\n\t\n\t<div id=\"text-2320806065\" class=\"text\">\n\t\t\n<h3>\u00c9quitation \u00e0 Minorque<\/h3>\n\t\t\n<style>\n#text-2320806065 {\n  font-size: 1.5rem;\n}\n<\/style>\n\t<\/div>\n\t\n<p><span title=\"\">Les chevaux sont sans aucun doute une autre des merveilles de l\u2019\u00eele. Les <\/span><span title=\"\"><strong> chevaux minorquins<\/strong>, admir\u00e9s et honor\u00e9s dans le monde entier pour leur temp\u00e9rament et leur beaut\u00e9, sont \u00e0 rencontrer absolument.<\/span><\/p>\n<p><span title=\"\"><strong>Plusieurs centres \u00e9questres \u00e0 Cala Galdana, Mahon ou sur la route de Fornells<\/strong>\u00a0organisent des \u00e9v\u00e9nements \u00e9questres.<\/span><\/p>\n<p><span title=\"\">Nous proposons \u00e9galement des promenades \u00e0 cheval dans la campagne et sur les plages, ainsi que des poneys pour les enfants.<\/span><\/p>\n\t\t<\/div>\n\t\t\t\t\n<style>\n#col-577171825 > .col-inner {\n  padding: 0px 0px 0px 0;\n}\n@media (min-width:850px) {\n  #col-577171825 > .col-inner {\n    padding: 0px 10% 0px 10%;\n  }\n}\n<\/style>\n\t<\/div>\n\n\t\n<\/div>\n<div class=\"row align-middle\"  id=\"row-625932942\">\n\n\t<div id=\"col-975365681\" class=\"col medium-12 small-12 large-6\"  >\n\t\t\t\t<div class=\"col-inner\" style=\"background-color:rgb(255,255,255);\" >\n\t\t\t\n\t\t\t\n\t<div id=\"gap-746565301\" class=\"gap-element clearfix\" style=\"display:block; height:auto;\">\n\t\t\n<style>\n#gap-746565301 {\n  padding-top: 10px;\n}\n@media (min-width:850px) {\n  #gap-746565301 {\n    padding-top: 30px;\n  }\n}\n<\/style>\n\t<\/div>\n\t\n\t<div id=\"text-4106431434\" class=\"text\">\n\t\t\n<h3>Location de v\u00e9los \u00e0 Minorque<\/h3>\n\t\t\n<style>\n#text-4106431434 {\n  font-size: 1.5rem;\n}\n<\/style>\n\t<\/div>\n\t\n<h4>Location de v\u00e9los \u00e0 Minorque<\/h4>\n<p>Scooters et VTT \u00e0 louer! Ici, chez Anthony\u2019s Bikes, nous avons une gamme de scooters allant de 49cc \u00e0 125cc disponibles \u00e0 la location. D\u00e9couvrez les meilleurs endroits de l\u2019\u00eele sans avoir \u00e0 conduire une voiture.<\/p>\n<p>Pour ceux qui souhaitent des vacances plus actives \u00e0 Minorque, nous louons \u00e9galement des v\u00e9los de montagne.<\/p>\n<h4>Pourquoi se d\u00e9placer avec un scooter ou une bicyclette?<\/h4>\n<p>Minorque est une r\u00e9serve de l&rsquo;<abbr title=\"United Nations Educational, Scientific and Cultural Organisation\">UNESCO<\/abbr>\u00a0depuis 1993, ce qui a contribu\u00e9 \u00e0 pr\u00e9server la beaut\u00e9 naturelle de l\u2019\u00eele et a favoris\u00e9 l\u2019adoption d\u2019une l\u00e9gislation beaucoup plus stricte en mati\u00e8re de planification des stations baln\u00e9aires.<\/p>\n<p>La principale diff\u00e9rence que vous remarquerez lors de vos vacances \u00e0 Minorque par rapport \u00e0 d\u2019autres r\u00e9gions d\u2019Espagne est qu\u2019elle poss\u00e8de une incroyable richesse de plages naturelles et intactes qui ne sont pas accessibles par la route. Cependant, conduire un scooter ou un v\u00e9lo vous permettra d\u2019acc\u00e9der plus facilement \u00e0 ces plages souvent lointaines et isol\u00e9es que l\u2019\u00eele a \u00e0 offrir.<\/p>\n\t\t<\/div>\n\t\t\t\t\n<style>\n#col-975365681 > .col-inner {\n  padding: 0px 0px 0px 0;\n}\n@media (min-width:850px) {\n  #col-975365681 > .col-inner {\n    padding: 0px 10% 0px 10%;\n  }\n}\n<\/style>\n\t<\/div>\n\n\t\n\n\t<div id=\"col-1995133577\" class=\"col medium-12 small-12 large-6\"  >\n\t\t\t\t<div class=\"col-inner\"  >\n\t\t\t\n\t\t\t\n\t<div class=\"img has-hover x md-x lg-x y md-y lg-y\" id=\"image_593765040\">\n\t\t\t\t\t\t\t\t<div class=\"img-inner dark\" >\n\t\t\t<img width=\"600\" height=\"120\" src=\"https:\/\/autosamigo.com\/wp-content\/uploads\/2022\/09\/anthonys-bikes-600x120-1.jpeg\" class=\"attachment-large size-large\" alt=\"\" decoding=\"async\" loading=\"lazy\" srcset=\"https:\/\/autosamigo.com\/wp-content\/uploads\/2022\/09\/anthonys-bikes-600x120-1.jpeg 600w, https:\/\/autosamigo.com\/wp-content\/uploads\/2022\/09\/anthonys-bikes-600x120-1-300x60.jpeg 300w\" sizes=\"(max-width: 600px) 100vw, 600px\" \/>\t\t\t\t\t\t\n\t\t\t\t\t<\/div>\n\t\t\t\t\t\t\t\t\n<style>\n#image_593765040 {\n  width: 100%;\n}\n<\/style>\n\t<\/div>\n\t\n\t\t<\/div>\n\t\t\t\t\t<\/div>\n\n\t\n<\/div>\n\t\t<\/div>\n\n\t\t\n<style>\n#section_331877446 {\n  padding-top: 40px;\n  padding-bottom: 40px;\n}\n#section_331877446 .ux-shape-divider--top svg {\n  height: 150px;\n  --divider-top-width: 100%;\n}\n#section_331877446 .ux-shape-divider--bottom svg {\n  height: 150px;\n  --divider-width: 100%;\n}\n@media (min-width:850px) {\n  #section_331877446 {\n    padding-top: 10px;\n    padding-bottom: 10px;\n  }\n}\n<\/style>\n\t<\/section>\n\t\n","protected":false},"excerpt":{"rendered":"","protected":false},"author":1,"featured_media":442,"parent":0,"menu_order":0,"comment_status":"closed","ping_status":"closed","template":"","meta":{"_joinchat":[]},"yoast_head":"<!-- This site is optimized with the Yoast SEO Premium plugin v19.2.1 (Yoast SEO v21.3) - https:\/\/yoast.com\/wordpress\/plugins\/seo\/ -->\n<title>Que faire et o\u00f9 aller - AUTOS AMIGO<\/title>\n<meta name=\"robots\" content=\"index, follow, max-snippet:-1, max-image-preview:large, max-video-preview:-1\" \/>\n<link rel=\"canonical\" href=\"https:\/\/autosamigo.com\/what-to-do-in-menorca-and-where-to-go\/\" \/>\n<meta property=\"og:locale\" content=\"fr_FR\" \/>\n<meta property=\"og:type\" content=\"article\" \/>\n<meta property=\"og:title\" content=\"Que faire et o\u00f9 aller\" \/>\n<meta property=\"og:url\" content=\"https:\/\/autosamigo.com\/what-to-do-in-menorca-and-where-to-go\/\" \/>\n<meta property=\"og:site_name\" content=\"AUTOS AMIGO\" \/>\n<meta property=\"article:modified_time\" content=\"2022-10-28T11:42:49+00:00\" \/>\n<meta property=\"og:image\" content=\"https:\/\/autosamigo.com\/wp-content\/uploads\/2022\/09\/horse-riding-in-menorca.jpeg\" \/>\n\t<meta property=\"og:image:width\" content=\"480\" \/>\n\t<meta property=\"og:image:height\" content=\"361\" \/>\n\t<meta property=\"og:image:type\" content=\"image\/jpeg\" \/>\n<meta name=\"twitter:card\" content=\"summary_large_image\" \/>\n<meta name=\"twitter:label1\" content=\"Dur\u00e9e de lecture estim\u00e9e\" \/>\n\t<meta name=\"twitter:data1\" content=\"4 minutes\" \/>\n<script type=\"application\/ld+json\" class=\"yoast-schema-graph\">{\"@context\":\"https:\/\/schema.org\",\"@graph\":[{\"@type\":\"WebPage\",\"@id\":\"https:\/\/autosamigo.com\/what-to-do-in-menorca-and-where-to-go\/\",\"url\":\"https:\/\/autosamigo.com\/what-to-do-in-menorca-and-where-to-go\/\",\"name\":\"Que faire et o\u00f9 aller - AUTOS AMIGO\",\"isPartOf\":{\"@id\":\"https:\/\/autosamigo.com\/#website\"},\"datePublished\":\"2022-09-15T10:21:06+00:00\",\"dateModified\":\"2022-10-28T11:42:49+00:00\",\"breadcrumb\":{\"@id\":\"https:\/\/autosamigo.com\/what-to-do-in-menorca-and-where-to-go\/#breadcrumb\"},\"inLanguage\":\"fr-FR\",\"potentialAction\":[{\"@type\":\"ReadAction\",\"target\":[\"https:\/\/autosamigo.com\/what-to-do-in-menorca-and-where-to-go\/\"]}]},{\"@type\":\"BreadcrumbList\",\"@id\":\"https:\/\/autosamigo.com\/what-to-do-in-menorca-and-where-to-go\/#breadcrumb\",\"itemListElement\":[{\"@type\":\"ListItem\",\"position\":1,\"name\":\"Home\",\"item\":\"https:\/\/autosamigo.com\/\"},{\"@type\":\"ListItem\",\"position\":2,\"name\":\"Que faire et o\u00f9 aller\"}]},{\"@type\":\"WebSite\",\"@id\":\"https:\/\/autosamigo.com\/#website\",\"url\":\"https:\/\/autosamigo.com\/\",\"name\":\"Autos Amigo\",\"description\":\"Alquiler de coches en Menorca\",\"publisher\":{\"@id\":\"https:\/\/autosamigo.com\/#organization\"},\"potentialAction\":[{\"@type\":\"SearchAction\",\"target\":{\"@type\":\"EntryPoint\",\"urlTemplate\":\"https:\/\/autosamigo.com\/?s={search_term_string}\"},\"query-input\":\"required name=search_term_string\"}],\"inLanguage\":\"fr-FR\"},{\"@type\":\"Organization\",\"@id\":\"https:\/\/autosamigo.com\/#organization\",\"name\":\"Autos Amigo\",\"url\":\"https:\/\/autosamigo.com\/\",\"logo\":{\"@type\":\"ImageObject\",\"inLanguage\":\"fr-FR\",\"@id\":\"https:\/\/autosamigo.com\/#\/schema\/logo\/image\/\",\"url\":\"https:\/\/autosamigo.com\/wp-content\/uploads\/2024\/07\/logo-autos-amigo.png\",\"contentUrl\":\"https:\/\/autosamigo.com\/wp-content\/uploads\/2024\/07\/logo-autos-amigo.png\",\"width\":1563,\"height\":1563,\"caption\":\"Autos Amigo\"},\"image\":{\"@id\":\"https:\/\/autosamigo.com\/#\/schema\/logo\/image\/\"}}]}<\/script>\n<!-- \/ Yoast SEO Premium plugin. -->","yoast_head_json":{"title":"Que faire et o\u00f9 aller - AUTOS AMIGO","robots":{"index":"index","follow":"follow","max-snippet":"max-snippet:-1","max-image-preview":"max-image-preview:large","max-video-preview":"max-video-preview:-1"},"canonical":"https:\/\/autosamigo.com\/what-to-do-in-menorca-and-where-to-go\/","og_locale":"fr_FR","og_type":"article","og_title":"Que faire et o\u00f9 aller","og_url":"https:\/\/autosamigo.com\/what-to-do-in-menorca-and-where-to-go\/","og_site_name":"AUTOS AMIGO","article_modified_time":"2022-10-28T11:42:49+00:00","og_image":[{"width":480,"height":361,"url":"https:\/\/autosamigo.com\/wp-content\/uploads\/2022\/09\/horse-riding-in-menorca.jpeg","type":"image\/jpeg"}],"twitter_card":"summary_large_image","twitter_misc":{"Dur\u00e9e de lecture estim\u00e9e":"4 minutes"},"schema":{"@context":"https:\/\/schema.org","@graph":[{"@type":"WebPage","@id":"https:\/\/autosamigo.com\/what-to-do-in-menorca-and-where-to-go\/","url":"https:\/\/autosamigo.com\/what-to-do-in-menorca-and-where-to-go\/","name":"Que faire et o\u00f9 aller - AUTOS AMIGO","isPartOf":{"@id":"https:\/\/autosamigo.com\/#website"},"datePublished":"2022-09-15T10:21:06+00:00","dateModified":"2022-10-28T11:42:49+00:00","breadcrumb":{"@id":"https:\/\/autosamigo.com\/what-to-do-in-menorca-and-where-to-go\/#breadcrumb"},"inLanguage":"fr-FR","potentialAction":[{"@type":"ReadAction","target":["https:\/\/autosamigo.com\/what-to-do-in-menorca-and-where-to-go\/"]}]},{"@type":"BreadcrumbList","@id":"https:\/\/autosamigo.com\/what-to-do-in-menorca-and-where-to-go\/#breadcrumb","itemListElement":[{"@type":"ListItem","position":1,"name":"Home","item":"https:\/\/autosamigo.com\/"},{"@type":"ListItem","position":2,"name":"Que faire et o\u00f9 aller"}]},{"@type":"WebSite","@id":"https:\/\/autosamigo.com\/#website","url":"https:\/\/autosamigo.com\/","name":"Autos Amigo","description":"Alquiler de coches en Menorca","publisher":{"@id":"https:\/\/autosamigo.com\/#organization"},"potentialAction":[{"@type":"SearchAction","target":{"@type":"EntryPoint","urlTemplate":"https:\/\/autosamigo.com\/?s={search_term_string}"},"query-input":"required name=search_term_string"}],"inLanguage":"fr-FR"},{"@type":"Organization","@id":"https:\/\/autosamigo.com\/#organization","name":"Autos Amigo","url":"https:\/\/autosamigo.com\/","logo":{"@type":"ImageObject","inLanguage":"fr-FR","@id":"https:\/\/autosamigo.com\/#\/schema\/logo\/image\/","url":"https:\/\/autosamigo.com\/wp-content\/uploads\/2024\/07\/logo-autos-amigo.png","contentUrl":"https:\/\/autosamigo.com\/wp-content\/uploads\/2024\/07\/logo-autos-amigo.png","width":1563,"height":1563,"caption":"Autos Amigo"},"image":{"@id":"https:\/\/autosamigo.com\/#\/schema\/logo\/image\/"}}]}},"_links":{"self":[{"href":"https:\/\/autosamigo.com\/fr\/wp-json\/wp\/v2\/pages\/566"}],"collection":[{"href":"https:\/\/autosamigo.com\/fr\/wp-json\/wp\/v2\/pages"}],"about":[{"href":"https:\/\/autosamigo.com\/fr\/wp-json\/wp\/v2\/types\/page"}],"author":[{"embeddable":true,"href":"https:\/\/autosamigo.com\/fr\/wp-json\/wp\/v2\/users\/1"}],"replies":[{"embeddable":true,"href":"https:\/\/autosamigo.com\/fr\/wp-json\/wp\/v2\/comments?post=566"}],"version-history":[{"count":13,"href":"https:\/\/autosamigo.com\/fr\/wp-json\/wp\/v2\/pages\/566\/revisions"}],"predecessor-version":[{"id":647,"href":"https:\/\/autosamigo.com\/fr\/wp-json\/wp\/v2\/pages\/566\/revisions\/647"}],"wp:featuredmedia":[{"embeddable":true,"href":"https:\/\/autosamigo.com\/fr\/wp-json\/wp\/v2\/media\/442"}],"wp:attachment":[{"href":"https:\/\/autosamigo.com\/fr\/wp-json\/wp\/v2\/media?parent=566"}],"curies":[{"name":"wp","href":"https:\/\/api.w.org\/{rel}","templated":true}]}}