{"id":805,"date":"2022-09-15T10:04:38","date_gmt":"2022-09-15T10:04:38","guid":{"rendered":"https:\/\/autosamigo.com\/f-a-c-car-hire\/"},"modified":"2024-07-02T14:25:55","modified_gmt":"2024-07-02T14:25:55","slug":"alquiler-de-coches-en-menorca","status":"publish","type":"page","link":"https:\/\/autosamigo.com\/es\/alquiler-de-coches-en-menorca\/","title":{"rendered":"Preguntas frecuentes Car Hire"},"content":{"rendered":"\t<section class=\"section\" id=\"section_43912935\">\n\t\t<div class=\"bg section-bg fill bg-fill  bg-loaded\" >\n\n\t\t\t\n\t\t\t\n\t\t\t\n\n\t\t<\/div>\n\n\t\t\n\n\t\t<div class=\"section-content relative\">\n\t\t\t\n<div class=\"row align-center\"  id=\"row-701706877\">\n\n\t<div id=\"col-1485226145\" class=\"col medium-11 small-12 large-8\"  >\n\t\t\t\t<div class=\"col-inner text-center\"  >\n\t\t\t\n\t\t\t\n\t<div id=\"gap-1008303371\" class=\"gap-element clearfix\" style=\"display:block; height:auto;\">\n\t\t\n<style>\n#gap-1008303371 {\n  padding-top: 30px;\n}\n@media (min-width:550px) {\n  #gap-1008303371 {\n    padding-top: 60px;\n  }\n}\n<\/style>\n\t<\/div>\n\t\n\t<div id=\"text-656828282\" class=\"text\">\n\t\t\n<h1><span style=\"font-size: 120%;\"><span style=\"color: #f37864;\">Preguntas Frecuentes sobre tu Coche Alquiler Menorca<\/h1>\n\t\t\n<style>\n#text-656828282 {\n  text-align: center;\n}\n<\/style>\n\t<\/div>\n\t\n\t<div id=\"text-2399808835\" class=\"text\">\n\t\t\n<h2><span style=\"font-family: avenir-light;\">Estas son las preguntas m\u00e1s frecuentes formuladas por nuestros clientes. Las hemos enumerado para ayudar a comprender el r\u00e1pido y amigable proceso de <span style=\"font-family: avenir-black;\">alquiler de coches en Menorca con Autos Amigo. <\/span>Si su pregunta no se responde aqu\u00ed, cont\u00e1ctenos en <span style=\"color: #f37864; font-family: avenir-black;\">info@menorcacarhire.com<\/span><\/span><\/h2>\n\t\t\n<style>\n#text-2399808835 {\n  font-size: 0.85rem;\n  text-align: center;\n}\n<\/style>\n\t<\/div>\n\t\n\t\t<\/div>\n\t\t\t\t\t<\/div>\n\n\t\n<\/div>\n\t\t<\/div>\n\n\t\t\n<style>\n#section_43912935 {\n  padding-top: 0px;\n  padding-bottom: 0px;\n}\n#section_43912935 .ux-shape-divider--top svg {\n  height: 150px;\n  --divider-top-width: 100%;\n}\n#section_43912935 .ux-shape-divider--bottom svg {\n  height: 150px;\n  --divider-width: 100%;\n}\n<\/style>\n\t<\/section>\n\t\n\t<section class=\"section\" id=\"section_767017419\">\n\t\t<div class=\"bg section-bg fill bg-fill  bg-loaded\" >\n\n\t\t\t\n\t\t\t\n\t\t\t\n\n\t\t<\/div>\n\n\t\t\n\n\t\t<div class=\"section-content relative\">\n\t\t\t\n<div class=\"row align-center\"  id=\"row-1506412660\">\n\n\t<div id=\"col-1656068094\" class=\"col medium-12 small-12 large-8\"  >\n\t\t\t\t<div class=\"col-inner text-left\" style=\"background-color:rgb(255, 255, 255);\" >\n\t\t\t\n\t\t\t\n<div class=\"accordion\">\n<div id=\"accordion-1155809879\" class=\"accordion-item\"><a id=\"accordion-1155809879-label\" href=\"#\" class=\"accordion-title plain\" aria-expanded=\"false\" aria-controls=\"accordion-1155809879-content\"><button class=\"toggle\" aria-label=\"Toggle\"><i class=\"icon-angle-down\"><\/i><\/button><span>\u00bfCu\u00e1l es la edad m\u00ednima para alquiler un coche ?<\/span><\/a><div id=\"accordion-1155809879-content\" class=\"accordion-inner\" aria-labelledby=\"accordion-1155809879-label\">\n<p>Se necesita tener 25 a\u00f1os para estar cubierto por nuestra p\u00f3liza de seguros<\/p>\n<\/div><\/div>\n<div id=\"accordion-3558388849\" class=\"accordion-item\"><a id=\"accordion-3558388849-label\" href=\"#\" class=\"accordion-title plain\" aria-expanded=\"false\" aria-controls=\"accordion-3558388849-content\"><button class=\"toggle\" aria-label=\"Toggle\"><i class=\"icon-angle-down\"><\/i><\/button><span>\u00bfTendr\u00e9 un seguro a todo riesgo?<\/span><\/a><div id=\"accordion-3558388849-content\" class=\"accordion-inner\" aria-labelledby=\"accordion-3558388849-label\">\n<p>S\u00ed, todos los conductores estar\u00e9is asegurados a todo riesgo.<\/p>\n<\/div><\/div>\n<div id=\"accordion-742335844\" class=\"accordion-item\"><a id=\"accordion-742335844-label\" href=\"#\" class=\"accordion-title plain\" aria-expanded=\"false\" aria-controls=\"accordion-742335844-content\"><button class=\"toggle\" aria-label=\"Toggle\"><i class=\"icon-angle-down\"><\/i><\/button><span>\u00bfCu\u00e1ndo alquile el coche el dep\u00f3sito estar\u00e1 lleno?<\/span><\/a><div id=\"accordion-742335844-content\" class=\"accordion-inner\" aria-labelledby=\"accordion-742335844-label\">\n<p>S\u00ed, todos nuestros coches son entregados con el dep\u00f3sito de gasolina lleno. Le pediremos que lo devuelva con el tanque lleno, ya que podr\u00eda incurrir en cargos adicionales como resultado de los litros faltantes.<\/p>\n<\/div><\/div>\n<div id=\"accordion-2611588439\" class=\"accordion-item\"><a id=\"accordion-2611588439-label\" href=\"#\" class=\"accordion-title plain\" aria-expanded=\"false\" aria-controls=\"accordion-2611588439-content\"><button class=\"toggle\" aria-label=\"Toggle\"><i class=\"icon-angle-down\"><\/i><\/button><span>\u00bfHay alg\u00fan cargo adicional por dejar o recoger en el aeropuerto?<\/span><\/a><div id=\"accordion-2611588439-content\" class=\"accordion-inner\" aria-labelledby=\"accordion-2611588439-label\">\n<p>No, no hay ning\u00fan coste adicional por dejar o recoger el coche en el aeropuerto.<\/p>\n<\/div><\/div>\n<div id=\"accordion-352660155\" class=\"accordion-item\"><a id=\"accordion-352660155-label\" href=\"#\" class=\"accordion-title plain\" aria-expanded=\"false\" aria-controls=\"accordion-352660155-content\"><button class=\"toggle\" aria-label=\"Toggle\"><i class=\"icon-angle-down\"><\/i><\/button><span>\u00bfQui\u00e9n es responsable de las infracciones de tr\u00e1fico y estacionamiento?<\/span><\/a><div id=\"accordion-352660155-content\" class=\"accordion-inner\" aria-labelledby=\"accordion-352660155-label\">\n<p>El conductor registrado es el responsable del autom\u00f3vil, por ello, cualquier cargo o multa es su responsabilidad.<\/p>\n<\/div><\/div>\n<div id=\"accordion-346420023\" class=\"accordion-item\"><a id=\"accordion-346420023-label\" href=\"#\" class=\"accordion-title plain\" aria-expanded=\"false\" aria-controls=\"accordion-346420023-content\"><button class=\"toggle\" aria-label=\"Toggle\"><i class=\"icon-angle-down\"><\/i><\/button><span>\u00bfPuedo pagar en efecto cuando recoja el coche?<\/span><\/a><div id=\"accordion-346420023-content\" class=\"accordion-inner\" aria-labelledby=\"accordion-346420023-label\">\n<p>S\u00ed, aceptamos pagos en efectivo, ya sean euros o libras esterlinas.<\/p>\n<\/div><\/div>\n<div id=\"accordion-643494437\" class=\"accordion-item\"><a id=\"accordion-643494437-label\" href=\"#\" class=\"accordion-title plain\" aria-expanded=\"false\" aria-controls=\"accordion-643494437-content\"><button class=\"toggle\" aria-label=\"Toggle\"><i class=\"icon-angle-down\"><\/i><\/button><span>\u00bfExiste un l\u00edmite para el kilometraje que puedo cubrir en el per\u00edodo de alquiler?<\/span><\/a><div id=\"accordion-643494437-content\" class=\"accordion-inner\" aria-labelledby=\"accordion-643494437-label\">\n<p>No, no tendr\u00e1 limite de kilometraje, as\u00ed que venga y disfrute de la isla.<\/p>\n<\/div><\/div>\n<div id=\"accordion-2139343168\" class=\"accordion-item\"><a id=\"accordion-2139343168-label\" href=\"#\" class=\"accordion-title plain\" aria-expanded=\"false\" aria-controls=\"accordion-2139343168-content\"><button class=\"toggle\" aria-label=\"Toggle\"><i class=\"icon-angle-down\"><\/i><\/button><span>Si necesitamos agregar conductores adicionales, \u00bfhay alg\u00fan cargo adicional?<\/span><\/a><div id=\"accordion-2139343168-content\" class=\"accordion-inner\" aria-labelledby=\"accordion-2139343168-label\">\n<p>No, permitimos hasta 4 conductores, todos estar\u00e1n cubiertos con nuestra p\u00f3liza  a todo riesgo, siempre cumpliendo con la condici\u00f3n de edad m\u00ednima.<\/p>\n<\/div><\/div>\n<\/div>\n\t\t<\/div>\n\t\t\t\t\n<style>\n#col-1656068094 > .col-inner {\n  padding: 20px 10px 20px 10px;\n  border-radius: 24px;\n}\n@media (min-width:550px) {\n  #col-1656068094 > .col-inner {\n    padding: 40px 40px 40px 40px;\n  }\n}\n<\/style>\n\t<\/div>\n\n\t\n<\/div>\n\t\t<\/div>\n\n\t\t\n<style>\n#section_767017419 {\n  padding-top: 20px;\n  padding-bottom: 20px;\n}\n#section_767017419 .ux-shape-divider--top svg {\n  height: 150px;\n  --divider-top-width: 100%;\n}\n#section_767017419 .ux-shape-divider--bottom svg {\n  height: 150px;\n  --divider-width: 100%;\n}\n@media (min-width:550px) {\n  #section_767017419 {\n    padding-top: 30px;\n    padding-bottom: 30px;\n  }\n}\n<\/style>\n\t<\/section>\n\t\n","protected":false},"excerpt":{"rendered":"","protected":false},"author":1,"featured_media":735,"parent":0,"menu_order":0,"comment_status":"closed","ping_status":"closed","template":"page-blank.php","meta":{"_joinchat":[]},"yoast_head":"<!-- This site is optimized with the Yoast SEO Premium plugin v19.2.1 (Yoast SEO v21.3) - https:\/\/yoast.com\/wordpress\/plugins\/seo\/ -->\n<title>Alquiler de coches en Menorca - Alquiler coches baratos Menorca<\/title>\n<meta name=\"description\" content=\"En Menorca Car Hire resolvemos tus dudas y te lo ponemos f\u00e1cil si buscas un coche de alquiler barato en Menorca. Reserva en +34 971 37 72 90\" \/>\n<meta name=\"robots\" content=\"index, follow, max-snippet:-1, max-image-preview:large, max-video-preview:-1\" \/>\n<link rel=\"canonical\" href=\"https:\/\/autosamigo.com\/car-rental-menorca-airport\/\" \/>\n<meta property=\"og:locale\" content=\"es_ES\" \/>\n<meta property=\"og:type\" content=\"article\" \/>\n<meta property=\"og:title\" content=\"Preguntas frecuentes Car Hire\" \/>\n<meta property=\"og:description\" content=\"En Menorca Car Hire resolvemos tus dudas y te lo ponemos f\u00e1cil si buscas un coche de alquiler barato en Menorca. Reserva en +34 971 37 72 90\" \/>\n<meta property=\"og:url\" content=\"https:\/\/autosamigo.com\/car-rental-menorca-airport\/\" \/>\n<meta property=\"og:site_name\" content=\"AUTOS AMIGO\" \/>\n<meta property=\"article:modified_time\" content=\"2024-07-02T14:25:55+00:00\" \/>\n<meta property=\"og:image\" content=\"https:\/\/autosamigo.com\/wp-content\/uploads\/2022\/10\/leio-mclaren-jEgQpfkHEWY-unsplash-scaled.jpg\" \/>\n\t<meta property=\"og:image:width\" content=\"2048\" \/>\n\t<meta property=\"og:image:height\" content=\"2560\" \/>\n\t<meta property=\"og:image:type\" content=\"image\/jpeg\" \/>\n<meta name=\"twitter:card\" content=\"summary_large_image\" \/>\n<meta name=\"twitter:label1\" content=\"Tiempo de lectura\" \/>\n\t<meta name=\"twitter:data1\" content=\"2 minutos\" \/>\n<script type=\"application\/ld+json\" class=\"yoast-schema-graph\">{\"@context\":\"https:\/\/schema.org\",\"@graph\":[{\"@type\":\"WebPage\",\"@id\":\"https:\/\/autosamigo.com\/car-rental-menorca-airport\/\",\"url\":\"https:\/\/autosamigo.com\/car-rental-menorca-airport\/\",\"name\":\"Alquiler de coches en Menorca - Alquiler coches baratos Menorca\",\"isPartOf\":{\"@id\":\"https:\/\/autosamigo.com\/#website\"},\"datePublished\":\"2022-09-15T10:04:38+00:00\",\"dateModified\":\"2024-07-02T14:25:55+00:00\",\"description\":\"En Menorca Car Hire resolvemos tus dudas y te lo ponemos f\u00e1cil si buscas un coche de alquiler barato en Menorca. Reserva en +34 971 37 72 90\",\"breadcrumb\":{\"@id\":\"https:\/\/autosamigo.com\/car-rental-menorca-airport\/#breadcrumb\"},\"inLanguage\":\"es\",\"potentialAction\":[{\"@type\":\"ReadAction\",\"target\":[\"https:\/\/autosamigo.com\/car-rental-menorca-airport\/\"]}]},{\"@type\":\"BreadcrumbList\",\"@id\":\"https:\/\/autosamigo.com\/car-rental-menorca-airport\/#breadcrumb\",\"itemListElement\":[{\"@type\":\"ListItem\",\"position\":1,\"name\":\"Home\",\"item\":\"https:\/\/autosamigo.com\/es\/\"},{\"@type\":\"ListItem\",\"position\":2,\"name\":\"Preguntas frecuentes Car Hire\"}]},{\"@type\":\"WebSite\",\"@id\":\"https:\/\/autosamigo.com\/#website\",\"url\":\"https:\/\/autosamigo.com\/\",\"name\":\"Autos Amigo\",\"description\":\"Alquiler de coches en Menorca\",\"publisher\":{\"@id\":\"https:\/\/autosamigo.com\/#organization\"},\"potentialAction\":[{\"@type\":\"SearchAction\",\"target\":{\"@type\":\"EntryPoint\",\"urlTemplate\":\"https:\/\/autosamigo.com\/?s={search_term_string}\"},\"query-input\":\"required name=search_term_string\"}],\"inLanguage\":\"es\"},{\"@type\":\"Organization\",\"@id\":\"https:\/\/autosamigo.com\/#organization\",\"name\":\"Autos Amigo\",\"url\":\"https:\/\/autosamigo.com\/\",\"logo\":{\"@type\":\"ImageObject\",\"inLanguage\":\"es\",\"@id\":\"https:\/\/autosamigo.com\/#\/schema\/logo\/image\/\",\"url\":\"https:\/\/autosamigo.com\/wp-content\/uploads\/2024\/07\/logo-autos-amigo.png\",\"contentUrl\":\"https:\/\/autosamigo.com\/wp-content\/uploads\/2024\/07\/logo-autos-amigo.png\",\"width\":1563,\"height\":1563,\"caption\":\"Autos Amigo\"},\"image\":{\"@id\":\"https:\/\/autosamigo.com\/#\/schema\/logo\/image\/\"}}]}<\/script>\n<!-- \/ Yoast SEO Premium plugin. -->","yoast_head_json":{"title":"Alquiler de coches en Menorca - Alquiler coches baratos Menorca","description":"En Menorca Car Hire resolvemos tus dudas y te lo ponemos f\u00e1cil si buscas un coche de alquiler barato en Menorca. Reserva en +34 971 37 72 90","robots":{"index":"index","follow":"follow","max-snippet":"max-snippet:-1","max-image-preview":"max-image-preview:large","max-video-preview":"max-video-preview:-1"},"canonical":"https:\/\/autosamigo.com\/car-rental-menorca-airport\/","og_locale":"es_ES","og_type":"article","og_title":"Preguntas frecuentes Car Hire","og_description":"En Menorca Car Hire resolvemos tus dudas y te lo ponemos f\u00e1cil si buscas un coche de alquiler barato en Menorca. Reserva en +34 971 37 72 90","og_url":"https:\/\/autosamigo.com\/car-rental-menorca-airport\/","og_site_name":"AUTOS AMIGO","article_modified_time":"2024-07-02T14:25:55+00:00","og_image":[{"width":2048,"height":2560,"url":"https:\/\/autosamigo.com\/wp-content\/uploads\/2022\/10\/leio-mclaren-jEgQpfkHEWY-unsplash-scaled.jpg","type":"image\/jpeg"}],"twitter_card":"summary_large_image","twitter_misc":{"Tiempo de lectura":"2 minutos"},"schema":{"@context":"https:\/\/schema.org","@graph":[{"@type":"WebPage","@id":"https:\/\/autosamigo.com\/car-rental-menorca-airport\/","url":"https:\/\/autosamigo.com\/car-rental-menorca-airport\/","name":"Alquiler de coches en Menorca - Alquiler coches baratos Menorca","isPartOf":{"@id":"https:\/\/autosamigo.com\/#website"},"datePublished":"2022-09-15T10:04:38+00:00","dateModified":"2024-07-02T14:25:55+00:00","description":"En Menorca Car Hire resolvemos tus dudas y te lo ponemos f\u00e1cil si buscas un coche de alquiler barato en Menorca. Reserva en +34 971 37 72 90","breadcrumb":{"@id":"https:\/\/autosamigo.com\/car-rental-menorca-airport\/#breadcrumb"},"inLanguage":"es","potentialAction":[{"@type":"ReadAction","target":["https:\/\/autosamigo.com\/car-rental-menorca-airport\/"]}]},{"@type":"BreadcrumbList","@id":"https:\/\/autosamigo.com\/car-rental-menorca-airport\/#breadcrumb","itemListElement":[{"@type":"ListItem","position":1,"name":"Home","item":"https:\/\/autosamigo.com\/es\/"},{"@type":"ListItem","position":2,"name":"Preguntas frecuentes Car Hire"}]},{"@type":"WebSite","@id":"https:\/\/autosamigo.com\/#website","url":"https:\/\/autosamigo.com\/","name":"Autos Amigo","description":"Alquiler de coches en Menorca","publisher":{"@id":"https:\/\/autosamigo.com\/#organization"},"potentialAction":[{"@type":"SearchAction","target":{"@type":"EntryPoint","urlTemplate":"https:\/\/autosamigo.com\/?s={search_term_string}"},"query-input":"required name=search_term_string"}],"inLanguage":"es"},{"@type":"Organization","@id":"https:\/\/autosamigo.com\/#organization","name":"Autos Amigo","url":"https:\/\/autosamigo.com\/","logo":{"@type":"ImageObject","inLanguage":"es","@id":"https:\/\/autosamigo.com\/#\/schema\/logo\/image\/","url":"https:\/\/autosamigo.com\/wp-content\/uploads\/2024\/07\/logo-autos-amigo.png","contentUrl":"https:\/\/autosamigo.com\/wp-content\/uploads\/2024\/07\/logo-autos-amigo.png","width":1563,"height":1563,"caption":"Autos Amigo"},"image":{"@id":"https:\/\/autosamigo.com\/#\/schema\/logo\/image\/"}}]}},"_links":{"self":[{"href":"https:\/\/autosamigo.com\/es\/wp-json\/wp\/v2\/pages\/805"}],"collection":[{"href":"https:\/\/autosamigo.com\/es\/wp-json\/wp\/v2\/pages"}],"about":[{"href":"https:\/\/autosamigo.com\/es\/wp-json\/wp\/v2\/types\/page"}],"author":[{"embeddable":true,"href":"https:\/\/autosamigo.com\/es\/wp-json\/wp\/v2\/users\/1"}],"replies":[{"embeddable":true,"href":"https:\/\/autosamigo.com\/es\/wp-json\/wp\/v2\/comments?post=805"}],"version-history":[{"count":4,"href":"https:\/\/autosamigo.com\/es\/wp-json\/wp\/v2\/pages\/805\/revisions"}],"predecessor-version":[{"id":1148,"href":"https:\/\/autosamigo.com\/es\/wp-json\/wp\/v2\/pages\/805\/revisions\/1148"}],"wp:featuredmedia":[{"embeddable":true,"href":"https:\/\/autosamigo.com\/es\/wp-json\/wp\/v2\/media\/735"}],"wp:attachment":[{"href":"https:\/\/autosamigo.com\/es\/wp-json\/wp\/v2\/media?parent=805"}],"curies":[{"name":"wp","href":"https:\/\/api.w.org\/{rel}","templated":true}]}}