{"id":567,"date":"2022-09-15T10:21:06","date_gmt":"2022-09-15T10:21:06","guid":{"rendered":"https:\/\/autosamigo.com\/contact-us-car-hire\/"},"modified":"2022-10-27T10:03:51","modified_gmt":"2022-10-27T10:03:51","slug":"alquiler-coches-menorca-aeropuerto","status":"publish","type":"page","link":"https:\/\/autosamigo.com\/es\/alquiler-coches-menorca-aeropuerto\/","title":{"rendered":"Que hacer y d\u00f3nde ir Menorca Car Hire"},"content":{"rendered":"<p><span data-sheets-value=\"{&quot;1&quot;:2,&quot;2&quot;:&quot;alquiler-coches-menorca-aeropuerto&quot;}\" data-sheets-userformat=\"{&quot;2&quot;:4737,&quot;3&quot;:{&quot;1&quot;:0},&quot;10&quot;:2,&quot;12&quot;:0,&quot;15&quot;:&quot;Montserrat&quot;}\">alquiler-coches-menorca-aeropuerto<\/span>\t<section class=\"section\" id=\"section_1786844558\">\n\t\t<div class=\"bg section-bg fill bg-fill  bg-loaded\" >\n\n\t\t\t\n\t\t\t\n\t\t\t\n\n\t\t<\/div>\n\n\t\t\n\n\t\t<div class=\"section-content relative\">\n\t\t\t\n<div class=\"row\"  id=\"row-628189202\">\n\n\t<div id=\"col-34801181\" class=\"col medium-11 small-12 large-10\"  >\n\t\t\t\t<div class=\"col-inner text-center\"  >\n\t\t\t\n\t\t\t\n\t<div id=\"gap-859461278\" class=\"gap-element clearfix\" style=\"display:block; height:auto;\">\n\t\t\n<style>\n#gap-859461278 {\n  padding-top: 30px;\n}\n@media (min-width:550px) {\n  #gap-859461278 {\n    padding-top: 60px;\n  }\n}\n<\/style>\n\t<\/div>\n\t\n\t<div id=\"text-834248736\" class=\"text\">\n\t\t\n<h1><span style=\"font-size: 120%;\"><span style=\"color: #f37864;\">Qu\u00e9 hacer en Menorca<\/span> y d\u00f3nde ir<\/span><\/h1>\n\t\t\n<style>\n#text-834248736 {\n  text-align: left;\n}\n<\/style>\n\t<\/div>\n\t\n\t<div id=\"text-1406688008\" class=\"text\">\n\t\t\n<h2><span style=\"font-family: avenir-light;\">Menorca es una preciosa isla para recorrer y disfrutar de todos sus encantos. Cada d\u00eda podr\u00e1s descubrir un nuevo rinc\u00f3n para disfrutar.<\/span><\/h2>\n<h2><span style=\"font-family: avenir-light;\">Pase un momento agradable y explore esta maravillosa isla. Desde AUTOS AMIGO, vuestra empresa de coches de alquiler de Menorca, queremos ofrecerle las siguientes propuestas durante su estancia en la isla.<\/span><\/h2>\n\t\t\n<style>\n#text-1406688008 {\n  text-align: left;\n}\n<\/style>\n\t<\/div>\n\t\n\t\t<\/div>\n\t\t\t\t\t<\/div>\n\n\t\n<\/div>\n\t\t<\/div>\n\n\t\t\n<style>\n#section_1786844558 {\n  padding-top: 0px;\n  padding-bottom: 0px;\n}\n#section_1786844558 .ux-shape-divider--top svg {\n  height: 150px;\n  --divider-top-width: 100%;\n}\n#section_1786844558 .ux-shape-divider--bottom svg {\n  height: 150px;\n  --divider-width: 100%;\n}\n<\/style>\n\t<\/section>\n\t\n\t<section class=\"section\" id=\"section_1752249159\">\n\t\t<div class=\"bg section-bg fill bg-fill  bg-loaded\" >\n\n\t\t\t\n\t\t\t\n\t\t\t\n\n\t\t<\/div>\n\n\t\t\n\n\t\t<div class=\"section-content relative\">\n\t\t\t\n\t<div id=\"gap-1455812040\" class=\"gap-element clearfix\" style=\"display:block; height:auto;\">\n\t\t\n<style>\n#gap-1455812040 {\n  padding-top: 30px;\n}\n<\/style>\n\t<\/div>\n\t\n<div class=\"row align-middle\"  id=\"row-1380066771\">\n\n\t<div id=\"col-1531322967\" class=\"col medium-12 small-12 large-6\"  >\n\t\t\t\t<div class=\"col-inner\"  >\n\t\t\t\n\t\t\t\n\t<div class=\"img has-hover x md-x lg-x y md-y lg-y\" id=\"image_1669783547\">\n\t\t\t\t\t\t\t\t<div class=\"img-inner dark\" >\n\t\t\t<img width=\"768\" height=\"432\" src=\"https:\/\/autosamigo.com\/wp-content\/uploads\/2022\/09\/gin-factory-1-768x432-1.jpeg\" class=\"attachment-large size-large\" alt=\"\" decoding=\"async\" loading=\"lazy\" srcset=\"https:\/\/autosamigo.com\/wp-content\/uploads\/2022\/09\/gin-factory-1-768x432-1.jpeg 768w, https:\/\/autosamigo.com\/wp-content\/uploads\/2022\/09\/gin-factory-1-768x432-1-300x169.jpeg 300w\" sizes=\"(max-width: 768px) 100vw, 768px\" \/>\t\t\t\t\t\t\n\t\t\t\t\t<\/div>\n\t\t\t\t\t\t\t\t\n<style>\n#image_1669783547 {\n  width: 100%;\n}\n<\/style>\n\t<\/div>\n\t\n\t\t<\/div>\n\t\t\t\t\t<\/div>\n\n\t\n\n\t<div id=\"col-719751504\" class=\"col medium-12 small-12 large-6\"  >\n\t\t\t\t<div class=\"col-inner\"  >\n\t\t\t\n\t\t\t\n\t<div id=\"gap-1801479431\" class=\"gap-element clearfix\" style=\"display:block; height:auto;\">\n\t\t\n<style>\n#gap-1801479431 {\n  padding-top: 10px;\n}\n@media (min-width:850px) {\n  #gap-1801479431 {\n    padding-top: 30px;\n  }\n}\n<\/style>\n\t<\/div>\n\t\n\t<div id=\"text-1575713204\" class=\"text\">\n\t\t\n<h3><span style=\"color: #f37864;\">Visita<\/span> la f\u00e1brica de Gin Xoriguer<\/h3>\n\t\t\n<style>\n#text-1575713204 {\n  font-size: 1.5rem;\n}\n<\/style>\n\t<\/div>\n\t\n<p>La f\u00e1brica de ginebra Xoriger, en la isla conocida como Son Xoriger, es una de las visitas que hay que hacer, para probar la bebida tradicional de Menorca \u201cPomada\u201d Xoriguer preparada con la famosa ginebra y lim\u00f3n o limonada. Refrescante y arom\u00e1tica. Situada en el puerto de Mah\u00f3n, el segundo puerto natural m\u00e1s grande del mundo.<\/p>\n\t\t<\/div>\n\t\t\t\t\n<style>\n#col-719751504 > .col-inner {\n  padding: 0px 0px 0px 0;\n}\n@media (min-width:850px) {\n  #col-719751504 > .col-inner {\n    padding: 0px 10% 0px 10%;\n  }\n}\n<\/style>\n\t<\/div>\n\n\t\n\n<style>\n#row-1380066771 > .col > .col-inner {\n  background-color: rgb(255,255,255);\n}\n<\/style>\n<\/div>\n<div class=\"row align-middle\"  id=\"row-1183703108\">\n\n\t<div id=\"col-10780485\" class=\"col medium-12 small-12 large-6\"  >\n\t\t\t\t<div class=\"col-inner\" style=\"background-color:rgb(255, 255, 255);\" >\n\t\t\t\n\t\t\t\n\t<div id=\"gap-642520999\" class=\"gap-element clearfix\" style=\"display:block; height:auto;\">\n\t\t\n<style>\n#gap-642520999 {\n  padding-top: 10px;\n}\n@media (min-width:850px) {\n  #gap-642520999 {\n    padding-top: 30px;\n  }\n}\n<\/style>\n\t<\/div>\n\t\n\t<div id=\"text-3057621877\" class=\"text\">\n\t\t\n<h3><span style=\"color: #f37864;\">Visita<\/span> los monumentos y edificios hist\u00f3ricos de Mah\u00f3n<\/h3>\n\t\t\n<style>\n#text-3057621877 {\n  font-size: 1.5rem;\n}\n<\/style>\n\t<\/div>\n\t\n<p>La capital de Menorca Mahon, tambi\u00e9n es una visita obligada; all\u00ed encontrar\u00e1s el mercado en el que puedes comprar muchos souvenirs y luego caminar por el centro para disfrutar de sus monumentos hist\u00f3ricos como la iglesia de Santa Maria.<\/p>\n\t\t<\/div>\n\t\t\t\t\n<style>\n#col-10780485 > .col-inner {\n  padding: 0px 0px 0px 0;\n}\n@media (min-width:850px) {\n  #col-10780485 > .col-inner {\n    padding: 0px 10% 0px 10%;\n  }\n}\n<\/style>\n\t<\/div>\n\n\t\n\n\t<div id=\"col-1002570668\" class=\"col medium-12 small-12 large-6\"  >\n\t\t\t\t<div class=\"col-inner\"  >\n\t\t\t\n\t\t\t\n\t<div class=\"img has-hover x md-x lg-x y md-y lg-y\" id=\"image_996990377\">\n\t\t\t\t\t\t\t\t<div class=\"img-inner dark\" >\n\t\t\t<img width=\"300\" height=\"201\" src=\"https:\/\/autosamigo.com\/wp-content\/uploads\/2022\/09\/santa-Maria-church-Menorca-300x201-1.jpeg\" class=\"attachment-large size-large\" alt=\"\" decoding=\"async\" loading=\"lazy\" \/>\t\t\t\t\t\t\n\t\t\t\t\t<\/div>\n\t\t\t\t\t\t\t\t\n<style>\n#image_996990377 {\n  width: 100%;\n}\n<\/style>\n\t<\/div>\n\t\n\t\t<\/div>\n\t\t\t\t\t<\/div>\n\n\t\n<\/div>\n<div class=\"row align-middle\"  id=\"row-808918092\">\n\n\t<div id=\"col-1287204052\" class=\"col medium-12 small-12 large-6\"  >\n\t\t\t\t<div class=\"col-inner\"  >\n\t\t\t\n\t\t\t\n\t<div class=\"img has-hover x md-x lg-x y md-y lg-y\" id=\"image_1477005501\">\n\t\t\t\t\t\t\t\t<div class=\"img-inner dark\" >\n\t\t\t<img width=\"720\" height=\"300\" src=\"https:\/\/autosamigo.com\/wp-content\/uploads\/2022\/09\/Menorca-cheese-Mahon-queso.jpeg\" class=\"attachment-large size-large\" alt=\"\" decoding=\"async\" loading=\"lazy\" srcset=\"https:\/\/autosamigo.com\/wp-content\/uploads\/2022\/09\/Menorca-cheese-Mahon-queso.jpeg 720w, https:\/\/autosamigo.com\/wp-content\/uploads\/2022\/09\/Menorca-cheese-Mahon-queso-300x125.jpeg 300w\" sizes=\"(max-width: 720px) 100vw, 720px\" \/>\t\t\t\t\t\t\n\t\t\t\t\t<\/div>\n\t\t\t\t\t\t\t\t\n<style>\n#image_1477005501 {\n  width: 100%;\n}\n<\/style>\n\t<\/div>\n\t\n\t\t<\/div>\n\t\t\t\t\t<\/div>\n\n\t\n\n\t<div id=\"col-1139539108\" class=\"col medium-12 small-12 large-6\"  >\n\t\t\t\t<div class=\"col-inner\" style=\"background-color:rgb(255,255,255);\" >\n\t\t\t\n\t\t\t\n\t<div id=\"gap-1248962999\" class=\"gap-element clearfix\" style=\"display:block; height:auto;\">\n\t\t\n<style>\n#gap-1248962999 {\n  padding-top: 10px;\n}\n@media (min-width:850px) {\n  #gap-1248962999 {\n    padding-top: 30px;\n  }\n}\n<\/style>\n\t<\/div>\n\t\n\t<div id=\"text-744266649\" class=\"text\">\n\t\t\n<h3>Degustaci\u00f3n de productos artesanales<\/h3>\n\t\t\n<style>\n#text-744266649 {\n  font-size: 1.5rem;\n}\n<\/style>\n\t<\/div>\n\t\n<p>La isla es conocida entre otras muchas cosas por sus productos de origen, como el queso y el calzado. Nuestra sugerencia es no abandonar la isla sin probar el famoso Queso de Menorca o la Sobrassada.<\/p>\n\t\t<\/div>\n\t\t\t\t\n<style>\n#col-1139539108 > .col-inner {\n  padding: 0px 0px 0px 0;\n}\n@media (min-width:850px) {\n  #col-1139539108 > .col-inner {\n    padding: 0px 10% 0px 10%;\n  }\n}\n<\/style>\n\t<\/div>\n\n\t\n<\/div>\n<div class=\"row align-middle\"  id=\"row-520945760\">\n\n\t<div id=\"col-1427732471\" class=\"col medium-12 small-12 large-6\"  >\n\t\t\t\t<div class=\"col-inner\" style=\"background-color:rgb(255,255,255);\" >\n\t\t\t\n\t\t\t\n\t<div id=\"gap-1553842102\" class=\"gap-element clearfix\" style=\"display:block; height:auto;\">\n\t\t\n<style>\n#gap-1553842102 {\n  padding-top: 10px;\n}\n@media (min-width:850px) {\n  #gap-1553842102 {\n    padding-top: 30px;\n  }\n}\n<\/style>\n\t<\/div>\n\t\n\t<div id=\"text-3334300447\" class=\"text\">\n\t\t\n<h3>Cursos de Golf<\/h3>\n\t\t\n<style>\n#text-3334300447 {\n  font-size: 1.5rem;\n}\n<\/style>\n\t<\/div>\n\t\n<p>Si te gustan los deportes, y el golf en partiruclar, en el resort en Son Parc, puedes disfrutar del campo de golf con 16 hoyos m\u00e1s un restaurante para despu\u00e9s comer relajado en el restaurante.<\/p>\n<p>A 500 metros del campo de Golf, est\u00e1 la urbanizaci\u00f3n de Son Parc, d\u00f3nde hay bares, restaurantes y souvenirs. Qu\u00e9 hacer en Menorca y d\u00f3nde ir.<\/p>\n\t\t<\/div>\n\t\t\t\t\n<style>\n#col-1427732471 > .col-inner {\n  padding: 0px 0px 0px 0;\n}\n@media (min-width:850px) {\n  #col-1427732471 > .col-inner {\n    padding: 0px 10% 0px 10%;\n  }\n}\n<\/style>\n\t<\/div>\n\n\t\n\n\t<div id=\"col-1833299350\" class=\"col medium-12 small-12 large-6\"  >\n\t\t\t\t<div class=\"col-inner\"  >\n\t\t\t\n\t\t\t\n\t<div class=\"img has-hover x md-x lg-x y md-y lg-y\" id=\"image_1818121648\">\n\t\t\t\t\t\t\t\t<div class=\"img-inner dark\" >\n\t\t\t<img width=\"800\" height=\"533\" src=\"https:\/\/autosamigo.com\/wp-content\/uploads\/2022\/09\/Golf-Son-Parc-Menorca.jpeg\" class=\"attachment-large size-large\" alt=\"\" decoding=\"async\" loading=\"lazy\" srcset=\"https:\/\/autosamigo.com\/wp-content\/uploads\/2022\/09\/Golf-Son-Parc-Menorca.jpeg 800w, https:\/\/autosamigo.com\/wp-content\/uploads\/2022\/09\/Golf-Son-Parc-Menorca-300x200.jpeg 300w, https:\/\/autosamigo.com\/wp-content\/uploads\/2022\/09\/Golf-Son-Parc-Menorca-768x512.jpeg 768w\" sizes=\"(max-width: 800px) 100vw, 800px\" \/>\t\t\t\t\t\t\n\t\t\t\t\t<\/div>\n\t\t\t\t\t\t\t\t\n<style>\n#image_1818121648 {\n  width: 100%;\n}\n<\/style>\n\t<\/div>\n\t\n\t\t<\/div>\n\t\t\t\t\t<\/div>\n\n\t\n<\/div>\n<div class=\"row align-middle\"  id=\"row-241079000\">\n\n\t<div id=\"col-1671207487\" class=\"col medium-12 small-12 large-6\"  >\n\t\t\t\t<div class=\"col-inner\"  >\n\t\t\t\n\t\t\t\n\t<div class=\"img has-hover x md-x lg-x y md-y lg-y\" id=\"image_1701297045\">\n\t\t\t\t\t\t\t\t<div class=\"img-inner dark\" >\n\t\t\t<img width=\"480\" height=\"361\" src=\"https:\/\/autosamigo.com\/wp-content\/uploads\/2022\/09\/horse-riding-in-menorca.jpeg\" class=\"attachment-large size-large\" alt=\"What to do in menorca\" decoding=\"async\" loading=\"lazy\" srcset=\"https:\/\/autosamigo.com\/wp-content\/uploads\/2022\/09\/horse-riding-in-menorca.jpeg 480w, https:\/\/autosamigo.com\/wp-content\/uploads\/2022\/09\/horse-riding-in-menorca-300x226.jpeg 300w\" sizes=\"(max-width: 480px) 100vw, 480px\" \/>\t\t\t\t\t\t\n\t\t\t\t\t<\/div>\n\t\t\t\t\t\t\t\t\n<style>\n#image_1701297045 {\n  width: 100%;\n}\n<\/style>\n\t<\/div>\n\t\n\t\t<\/div>\n\t\t\t\t\t<\/div>\n\n\t\n\n\t<div id=\"col-49428764\" class=\"col medium-12 small-12 large-6\"  >\n\t\t\t\t<div class=\"col-inner\" style=\"background-color:rgb(255,255,255);\" >\n\t\t\t\n\t\t\t\n\t<div id=\"gap-1815959839\" class=\"gap-element clearfix\" style=\"display:block; height:auto;\">\n\t\t\n<style>\n#gap-1815959839 {\n  padding-top: 10px;\n}\n@media (min-width:850px) {\n  #gap-1815959839 {\n    padding-top: 30px;\n  }\n}\n<\/style>\n\t<\/div>\n\t\n\t<div id=\"text-194043219\" class=\"text\">\n\t\t\n<h3>Paseos a caballo en Menorca<\/h3>\n\t\t\n<style>\n#text-194043219 {\n  font-size: 1.5rem;\n}\n<\/style>\n\t<\/div>\n\t\n<p><span title=\"\">Sin duda los caballos son otra de las maravillas de la isla. <\/span><span title=\"\">Los\u00a0<strong>Caballos Menorquines<\/strong>, admirados y honrados por su temperamento y belleza en el mundo, son una de las cosas que no te puedes perder.<br \/>\n<\/span><\/p>\n<p><span title=\"\"><strong>Varios centros ecuestres en Cala Galdana, Mah\u00f3n o en la carretera de Fornells<\/strong>\u00a0son algunas de las escuelas que ofrecen eventos ecuestres en la isla.<\/span><\/p>\n<p><span title=\"\">Tambi\u00e9n ofrecemos paseos a caballo por el campo y las playas, y ponis para los ni\u00f1os.<\/span><\/p>\n\t\t<\/div>\n\t\t\t\t\n<style>\n#col-49428764 > .col-inner {\n  padding: 0px 0px 0px 0;\n}\n@media (min-width:850px) {\n  #col-49428764 > .col-inner {\n    padding: 0px 10% 0px 10%;\n  }\n}\n<\/style>\n\t<\/div>\n\n\t\n<\/div>\n<div class=\"row align-middle\"  id=\"row-632709124\">\n\n\t<div id=\"col-669973494\" class=\"col medium-12 small-12 large-6\"  >\n\t\t\t\t<div class=\"col-inner\" style=\"background-color:rgb(255,255,255);\" >\n\t\t\t\n\t\t\t\n\t<div id=\"gap-1112597109\" class=\"gap-element clearfix\" style=\"display:block; height:auto;\">\n\t\t\n<style>\n#gap-1112597109 {\n  padding-top: 10px;\n}\n@media (min-width:850px) {\n  #gap-1112597109 {\n    padding-top: 30px;\n  }\n}\n<\/style>\n\t<\/div>\n\t\n\t<div id=\"text-2458752304\" class=\"text\">\n\t\t\n<h3>Menorca Bike Hire<\/h3>\n\t\t\n<style>\n#text-2458752304 {\n  font-size: 1.5rem;\n}\n<\/style>\n\t<\/div>\n\t\n<h4>Scooters &amp; Mountain Bikes para alquilar!<\/h4>\n<p>Aqu\u00ed en Anthony\u2019s Bikes tenemos una gama de scooters que van desde 49cc hasta 125cc disponibles para alquilar. Vea las mejores partes de la isla sin la molestia de conducir un autom\u00f3vil.<\/p>\n<p>Para aquellos que desean unas vacaciones m\u00e1s activas en Menorca, tambi\u00e9n alquilamos bicicletas de monta\u00f1a.<\/p>\n<h4>\u00bfPor qu\u00e9 moverse con una Scooter o una Bicicleta?<\/h4>\n<p>Menorca ha sido una\u00a0<abbr title=\"United Nations Educational, Scientific and Cultural Organisation\">UNESCO<\/abbr> reserva desde 1993; esto ha ayudado a mantener la belleza natural de la isla y ha alentado una ley de planificaci\u00f3n mucho m\u00e1s estricta con respecto a los centros tur\u00edsticos.<\/p>\n<p>La principal diferencia que notar\u00e1 cuando est\u00e9 de vacaciones en Menorca en comparaci\u00f3n con otras \u00e1reas de Espa\u00f1a es que tiene una incre\u00edble riqueza de playas naturales y v\u00edrgenes a las que no se puede acceder por carretera. Sin embargo, conducir una scooter o bicicleta le permitir\u00e1 un mayor acceso a estas playas a menudo restringidas y aisladas que la isla tiene para ofrecer.<\/p>\n\t\t<\/div>\n\t\t\t\t\n<style>\n#col-669973494 > .col-inner {\n  padding: 0px 0px 0px 0;\n}\n@media (min-width:850px) {\n  #col-669973494 > .col-inner {\n    padding: 0px 10% 0px 10%;\n  }\n}\n<\/style>\n\t<\/div>\n\n\t\n\n\t<div id=\"col-912851173\" class=\"col medium-12 small-12 large-6\"  >\n\t\t\t\t<div class=\"col-inner\"  >\n\t\t\t\n\t\t\t\n\t<div class=\"img has-hover x md-x lg-x y md-y lg-y\" id=\"image_1731763174\">\n\t\t\t\t\t\t\t\t<div class=\"img-inner dark\" >\n\t\t\t<img width=\"600\" height=\"120\" src=\"https:\/\/autosamigo.com\/wp-content\/uploads\/2022\/09\/anthonys-bikes-600x120-1.jpeg\" class=\"attachment-large size-large\" alt=\"\" decoding=\"async\" loading=\"lazy\" srcset=\"https:\/\/autosamigo.com\/wp-content\/uploads\/2022\/09\/anthonys-bikes-600x120-1.jpeg 600w, https:\/\/autosamigo.com\/wp-content\/uploads\/2022\/09\/anthonys-bikes-600x120-1-300x60.jpeg 300w\" sizes=\"(max-width: 600px) 100vw, 600px\" \/>\t\t\t\t\t\t\n\t\t\t\t\t<\/div>\n\t\t\t\t\t\t\t\t\n<style>\n#image_1731763174 {\n  width: 100%;\n}\n<\/style>\n\t<\/div>\n\t\n\t\t<\/div>\n\t\t\t\t\t<\/div>\n\n\t\n<\/div>\n\t\t<\/div>\n\n\t\t\n<style>\n#section_1752249159 {\n  padding-top: 40px;\n  padding-bottom: 40px;\n}\n#section_1752249159 .ux-shape-divider--top svg {\n  height: 150px;\n  --divider-top-width: 100%;\n}\n#section_1752249159 .ux-shape-divider--bottom svg {\n  height: 150px;\n  --divider-width: 100%;\n}\n@media (min-width:850px) {\n  #section_1752249159 {\n    padding-top: 10px;\n    padding-bottom: 10px;\n  }\n}\n<\/style>\n\t<\/section>\n\t\n","protected":false},"excerpt":{"rendered":"<p>alquiler-coches-menorca-aeropuerto<\/p>\n","protected":false},"author":1,"featured_media":738,"parent":0,"menu_order":0,"comment_status":"closed","ping_status":"closed","template":"","meta":{"_joinchat":[]},"yoast_head":"<!-- This site is optimized with the Yoast SEO Premium plugin v19.2.1 (Yoast SEO v21.3) - https:\/\/yoast.com\/wordpress\/plugins\/seo\/ -->\n<title>Alquiler de coches en Menorca aeropuerto - Menorca Car Hire<\/title>\n<meta name=\"description\" content=\"\u00bfNecesitas alquilar un coche para conocer Menorca? Somos una empresa de alquiler de coches en Menorca aeropuerto que te lo pone f\u00e1cil.\" \/>\n<meta name=\"robots\" content=\"index, follow, max-snippet:-1, max-image-preview:large, max-video-preview:-1\" \/>\n<link rel=\"canonical\" href=\"https:\/\/autosamigo.com\/what-to-do-in-menorca-and-where-to-go\/\" \/>\n<meta property=\"og:locale\" content=\"es_ES\" \/>\n<meta property=\"og:type\" content=\"article\" \/>\n<meta property=\"og:title\" content=\"Que hacer y d\u00f3nde ir Menorca Car Hire\" \/>\n<meta property=\"og:description\" content=\"\u00bfNecesitas alquilar un coche para conocer Menorca? Somos una empresa de alquiler de coches en Menorca aeropuerto que te lo pone f\u00e1cil.\" \/>\n<meta property=\"og:url\" content=\"https:\/\/autosamigo.com\/what-to-do-in-menorca-and-where-to-go\/\" \/>\n<meta property=\"og:site_name\" content=\"AUTOS AMIGO\" \/>\n<meta property=\"article:modified_time\" content=\"2022-10-27T10:03:51+00:00\" \/>\n<meta property=\"og:image\" content=\"https:\/\/autosamigo.com\/wp-content\/uploads\/2022\/10\/richard-jaimes-k4dT8x2-gI-unsplash-scaled.jpg\" \/>\n\t<meta property=\"og:image:width\" content=\"1706\" \/>\n\t<meta property=\"og:image:height\" content=\"2560\" \/>\n\t<meta property=\"og:image:type\" content=\"image\/jpeg\" \/>\n<meta name=\"twitter:card\" content=\"summary_large_image\" \/>\n<meta name=\"twitter:label1\" content=\"Tiempo de lectura\" \/>\n\t<meta name=\"twitter:data1\" content=\"4 minutos\" \/>\n<script type=\"application\/ld+json\" class=\"yoast-schema-graph\">{\"@context\":\"https:\/\/schema.org\",\"@graph\":[{\"@type\":\"WebPage\",\"@id\":\"https:\/\/autosamigo.com\/what-to-do-in-menorca-and-where-to-go\/\",\"url\":\"https:\/\/autosamigo.com\/what-to-do-in-menorca-and-where-to-go\/\",\"name\":\"Alquiler de coches en Menorca aeropuerto - Menorca Car Hire\",\"isPartOf\":{\"@id\":\"https:\/\/autosamigo.com\/#website\"},\"datePublished\":\"2022-09-15T10:21:06+00:00\",\"dateModified\":\"2022-10-27T10:03:51+00:00\",\"description\":\"\u00bfNecesitas alquilar un coche para conocer Menorca? Somos una empresa de alquiler de coches en Menorca aeropuerto que te lo pone f\u00e1cil.\",\"breadcrumb\":{\"@id\":\"https:\/\/autosamigo.com\/what-to-do-in-menorca-and-where-to-go\/#breadcrumb\"},\"inLanguage\":\"es\",\"potentialAction\":[{\"@type\":\"ReadAction\",\"target\":[\"https:\/\/autosamigo.com\/what-to-do-in-menorca-and-where-to-go\/\"]}]},{\"@type\":\"BreadcrumbList\",\"@id\":\"https:\/\/autosamigo.com\/what-to-do-in-menorca-and-where-to-go\/#breadcrumb\",\"itemListElement\":[{\"@type\":\"ListItem\",\"position\":1,\"name\":\"Home\",\"item\":\"https:\/\/autosamigo.com\/es\/\"},{\"@type\":\"ListItem\",\"position\":2,\"name\":\"Que hacer y d\u00f3nde ir Menorca Car Hire\"}]},{\"@type\":\"WebSite\",\"@id\":\"https:\/\/autosamigo.com\/#website\",\"url\":\"https:\/\/autosamigo.com\/\",\"name\":\"Autos Amigo\",\"description\":\"Alquiler de coches en Menorca\",\"publisher\":{\"@id\":\"https:\/\/autosamigo.com\/#organization\"},\"potentialAction\":[{\"@type\":\"SearchAction\",\"target\":{\"@type\":\"EntryPoint\",\"urlTemplate\":\"https:\/\/autosamigo.com\/?s={search_term_string}\"},\"query-input\":\"required name=search_term_string\"}],\"inLanguage\":\"es\"},{\"@type\":\"Organization\",\"@id\":\"https:\/\/autosamigo.com\/#organization\",\"name\":\"Autos Amigo\",\"url\":\"https:\/\/autosamigo.com\/\",\"logo\":{\"@type\":\"ImageObject\",\"inLanguage\":\"es\",\"@id\":\"https:\/\/autosamigo.com\/#\/schema\/logo\/image\/\",\"url\":\"https:\/\/autosamigo.com\/wp-content\/uploads\/2024\/07\/logo-autos-amigo.png\",\"contentUrl\":\"https:\/\/autosamigo.com\/wp-content\/uploads\/2024\/07\/logo-autos-amigo.png\",\"width\":1563,\"height\":1563,\"caption\":\"Autos Amigo\"},\"image\":{\"@id\":\"https:\/\/autosamigo.com\/#\/schema\/logo\/image\/\"}}]}<\/script>\n<!-- \/ Yoast SEO Premium plugin. -->","yoast_head_json":{"title":"Alquiler de coches en Menorca aeropuerto - Menorca Car Hire","description":"\u00bfNecesitas alquilar un coche para conocer Menorca? Somos una empresa de alquiler de coches en Menorca aeropuerto que te lo pone f\u00e1cil.","robots":{"index":"index","follow":"follow","max-snippet":"max-snippet:-1","max-image-preview":"max-image-preview:large","max-video-preview":"max-video-preview:-1"},"canonical":"https:\/\/autosamigo.com\/what-to-do-in-menorca-and-where-to-go\/","og_locale":"es_ES","og_type":"article","og_title":"Que hacer y d\u00f3nde ir Menorca Car Hire","og_description":"\u00bfNecesitas alquilar un coche para conocer Menorca? Somos una empresa de alquiler de coches en Menorca aeropuerto que te lo pone f\u00e1cil.","og_url":"https:\/\/autosamigo.com\/what-to-do-in-menorca-and-where-to-go\/","og_site_name":"AUTOS AMIGO","article_modified_time":"2022-10-27T10:03:51+00:00","og_image":[{"width":1706,"height":2560,"url":"https:\/\/autosamigo.com\/wp-content\/uploads\/2022\/10\/richard-jaimes-k4dT8x2-gI-unsplash-scaled.jpg","type":"image\/jpeg"}],"twitter_card":"summary_large_image","twitter_misc":{"Tiempo de lectura":"4 minutos"},"schema":{"@context":"https:\/\/schema.org","@graph":[{"@type":"WebPage","@id":"https:\/\/autosamigo.com\/what-to-do-in-menorca-and-where-to-go\/","url":"https:\/\/autosamigo.com\/what-to-do-in-menorca-and-where-to-go\/","name":"Alquiler de coches en Menorca aeropuerto - Menorca Car Hire","isPartOf":{"@id":"https:\/\/autosamigo.com\/#website"},"datePublished":"2022-09-15T10:21:06+00:00","dateModified":"2022-10-27T10:03:51+00:00","description":"\u00bfNecesitas alquilar un coche para conocer Menorca? Somos una empresa de alquiler de coches en Menorca aeropuerto que te lo pone f\u00e1cil.","breadcrumb":{"@id":"https:\/\/autosamigo.com\/what-to-do-in-menorca-and-where-to-go\/#breadcrumb"},"inLanguage":"es","potentialAction":[{"@type":"ReadAction","target":["https:\/\/autosamigo.com\/what-to-do-in-menorca-and-where-to-go\/"]}]},{"@type":"BreadcrumbList","@id":"https:\/\/autosamigo.com\/what-to-do-in-menorca-and-where-to-go\/#breadcrumb","itemListElement":[{"@type":"ListItem","position":1,"name":"Home","item":"https:\/\/autosamigo.com\/es\/"},{"@type":"ListItem","position":2,"name":"Que hacer y d\u00f3nde ir Menorca Car Hire"}]},{"@type":"WebSite","@id":"https:\/\/autosamigo.com\/#website","url":"https:\/\/autosamigo.com\/","name":"Autos Amigo","description":"Alquiler de coches en Menorca","publisher":{"@id":"https:\/\/autosamigo.com\/#organization"},"potentialAction":[{"@type":"SearchAction","target":{"@type":"EntryPoint","urlTemplate":"https:\/\/autosamigo.com\/?s={search_term_string}"},"query-input":"required name=search_term_string"}],"inLanguage":"es"},{"@type":"Organization","@id":"https:\/\/autosamigo.com\/#organization","name":"Autos Amigo","url":"https:\/\/autosamigo.com\/","logo":{"@type":"ImageObject","inLanguage":"es","@id":"https:\/\/autosamigo.com\/#\/schema\/logo\/image\/","url":"https:\/\/autosamigo.com\/wp-content\/uploads\/2024\/07\/logo-autos-amigo.png","contentUrl":"https:\/\/autosamigo.com\/wp-content\/uploads\/2024\/07\/logo-autos-amigo.png","width":1563,"height":1563,"caption":"Autos Amigo"},"image":{"@id":"https:\/\/autosamigo.com\/#\/schema\/logo\/image\/"}}]}},"_links":{"self":[{"href":"https:\/\/autosamigo.com\/es\/wp-json\/wp\/v2\/pages\/567"}],"collection":[{"href":"https:\/\/autosamigo.com\/es\/wp-json\/wp\/v2\/pages"}],"about":[{"href":"https:\/\/autosamigo.com\/es\/wp-json\/wp\/v2\/types\/page"}],"author":[{"embeddable":true,"href":"https:\/\/autosamigo.com\/es\/wp-json\/wp\/v2\/users\/1"}],"replies":[{"embeddable":true,"href":"https:\/\/autosamigo.com\/es\/wp-json\/wp\/v2\/comments?post=567"}],"version-history":[{"count":10,"href":"https:\/\/autosamigo.com\/es\/wp-json\/wp\/v2\/pages\/567\/revisions"}],"predecessor-version":[{"id":751,"href":"https:\/\/autosamigo.com\/es\/wp-json\/wp\/v2\/pages\/567\/revisions\/751"}],"wp:featuredmedia":[{"embeddable":true,"href":"https:\/\/autosamigo.com\/es\/wp-json\/wp\/v2\/media\/738"}],"wp:attachment":[{"href":"https:\/\/autosamigo.com\/es\/wp-json\/wp\/v2\/media?parent=567"}],"curies":[{"name":"wp","href":"https:\/\/api.w.org\/{rel}","templated":true}]}}